{"id":303,"date":"2024-04-14T12:56:22","date_gmt":"2024-04-14T12:56:22","guid":{"rendered":"https:\/\/rikasalpakas.lv\/?page_id=303"},"modified":"2024-09-04T16:37:47","modified_gmt":"2024-09-04T13:37:47","slug":"par-mums","status":"publish","type":"page","link":"https:\/\/rikasalpakas.lv\/en\/par-mums","title":{"rendered":"About us"},"content":{"rendered":"<p class=\"has-large-font-size\"><strong>Where we are<\/strong><\/p>\n\n\n\n<p>Welcome to our farm! We are located in the scenic part of Vidzeme hillside, a stones throw from the nearest village, Vecpiebalga, and 2 hours from Riga. Here you will find not only curious animals and welcoming guides, but also beautiful, untouched nature, birdsongs and peace. Caught your interest? Let\u2019s meet!<\/p>\n\n\n\n<p class=\"has-large-font-size\"><strong>Who are we<\/strong><\/p>\n\n\n\n<figure class=\"wp-block-image size-large is-resized\"><img loading=\"lazy\" decoding=\"async\" width=\"1024\" height=\"625\" src=\"http:\/\/rikasalpakas.lv\/wp-content\/uploads\/2024\/04\/IMG_5422-1-1024x625.jpg\" alt=\"\" class=\"wp-image-451\" style=\"width:723px;height:auto\" srcset=\"https:\/\/rikasalpakas.lv\/wp-content\/uploads\/2024\/04\/IMG_5422-1-1024x625.jpg 1024w, https:\/\/rikasalpakas.lv\/wp-content\/uploads\/2024\/04\/IMG_5422-1-300x183.jpg 300w, https:\/\/rikasalpakas.lv\/wp-content\/uploads\/2024\/04\/IMG_5422-1-768x469.jpg 768w, https:\/\/rikasalpakas.lv\/wp-content\/uploads\/2024\/04\/IMG_5422-1-1536x938.jpg 1536w, https:\/\/rikasalpakas.lv\/wp-content\/uploads\/2024\/04\/IMG_5422-1-2048x1250.jpg 2048w, https:\/\/rikasalpakas.lv\/wp-content\/uploads\/2024\/04\/IMG_5422-1-18x12.jpg 18w, https:\/\/rikasalpakas.lv\/wp-content\/uploads\/2024\/04\/IMG_5422-1-98x60.jpg 98w\" sizes=\"auto, (max-width: 1024px) 100vw, 1024px\" \/><\/figure>\n\n\n\n<p>We are a family farm, and we started breeding alpacas in 2018, our first animals were 6 alpacas and 1 llama. Now we have 31 alpacas, 2 guard dogs and 4 cats (the hardest workers, or not..)<\/p>\n\n\n\n<p>Throughout the years we have gathered a lot of knowledge about alpacas as well as experience on how to provide the best conditions for them. We love sharing our knowledge about alpaca breeding because we know the value of them - the fleece -, and we are certain that alpacas do like the Latvian weather!<\/p>\n\n\n\n<p>We welcome anyone who has a genuine interest in alpacas, and\/or wants to enjoy a peaceful environment with calming animals, listening to their soft humming and chewing grass.<\/p>","protected":false},"excerpt":{"rendered":"<p>Kur m\u0113s esam Laipni l\u016bgti m\u016bsu saimniec\u012bb\u0101! M\u0113s atrodamies Vidzemes augstienes centr\u0101, pavisam net\u0101lu no tuv\u0101k\u0101 ciemata &#8211; Vecpiebalgas &#8211; un aptuveni divu stundu att\u0101lum\u0101 no R\u012bgas. \u0160eit tu ne &hellip; <\/p>","protected":false},"author":1,"featured_media":309,"parent":0,"menu_order":0,"comment_status":"closed","ping_status":"closed","template":"","meta":{"footnotes":""},"class_list":["post-303","page","type-page","status-publish","has-post-thumbnail","hentry"],"_links":{"self":[{"href":"https:\/\/rikasalpakas.lv\/en\/wp-json\/wp\/v2\/pages\/303","targetHints":{"allow":["GET"]}}],"collection":[{"href":"https:\/\/rikasalpakas.lv\/en\/wp-json\/wp\/v2\/pages"}],"about":[{"href":"https:\/\/rikasalpakas.lv\/en\/wp-json\/wp\/v2\/types\/page"}],"author":[{"embeddable":true,"href":"https:\/\/rikasalpakas.lv\/en\/wp-json\/wp\/v2\/users\/1"}],"replies":[{"embeddable":true,"href":"https:\/\/rikasalpakas.lv\/en\/wp-json\/wp\/v2\/comments?post=303"}],"version-history":[{"count":5,"href":"https:\/\/rikasalpakas.lv\/en\/wp-json\/wp\/v2\/pages\/303\/revisions"}],"predecessor-version":[{"id":701,"href":"https:\/\/rikasalpakas.lv\/en\/wp-json\/wp\/v2\/pages\/303\/revisions\/701"}],"wp:featuredmedia":[{"embeddable":true,"href":"https:\/\/rikasalpakas.lv\/en\/wp-json\/wp\/v2\/media\/309"}],"wp:attachment":[{"href":"https:\/\/rikasalpakas.lv\/en\/wp-json\/wp\/v2\/media?parent=303"}],"curies":[{"name":"wp","href":"https:\/\/api.w.org\/{rel}","templated":true}]}}