{"id":379,"date":"2024-04-14T13:56:33","date_gmt":"2024-04-14T13:56:33","guid":{"rendered":"https:\/\/rikasalpakas.lv\/?page_id=379"},"modified":"2025-09-30T21:31:36","modified_gmt":"2025-09-30T18:31:36","slug":"informacija-pirms-apmeklejuma","status":"publish","type":"page","link":"https:\/\/rikasalpakas.lv\/en\/informacija-pirms-apmeklejuma","title":{"rendered":"Before you visit"},"content":{"rendered":"<h2 class=\"wp-block-heading\">What to expect<\/h2>\n\n\n\n<p>The excursion is around hour to 1.5 hours long, depending on how many people are in your group, we share the general information about alpacas, introduce our animals and show how alpacas behave on a lead and around people. In addition a walk with an alpaca by lead is available for extra fee<\/p>\n\n\n\n<h2 class=\"wp-block-heading\">Rules<\/h2>\n\n\n\n<ol class=\"wp-block-list\">\n<li>It is forbidden to enter the farm area with dogs or other pets.<\/li>\n\n\n\n<li>It\u2019s forbidden to feed animals with your own food.<\/li>\n\n\n\n<li>Don\u2019t yell at the animals, don\u2019t run after them or try to ride them.<\/li>\n\n\n\n<li>Climbing, over hanging or sitting on the fences are not allowed.<\/li>\n\n\n\n<li>Damage to farm property is strictly forbidden.<\/li>\n\n\n\n<li>Children are allowed to be on-site only in the presence of adults.<\/li>\n\n\n\n<li>Entrance within fenced areas is strictly forbidden without the presence of employees.<\/li>\n\n\n\n<li>The alpaca walk is allowed only for visitors that have heard and understood the alpaca well-being briefing.<\/li>\n\n\n\n<li>Swimming in the nearby pond and\/or feeding fish is forbidden.<\/li>\n\n\n\n<li>Rubbish is to be disposed only in designated areas and\/or bins.<\/li>\n\n\n\n<li>Bringing alcohol or sharp\/flammable objects is forbidden.<\/li>\n\n\n\n<li>In case of any emergency, turn to any \u201cRikas Alpaku Skola\u201d worker and follow their guidance.<\/li>\n\n\n\n<li>Smoking on the premises is forbidden.<\/li>\n\n\n\n<li>\u201cRikas Alpaku Skola\u201d workers reserve the right to stop an excursion or visit at any time if they feel guests are not adhering to rules.<\/li>\n<\/ol>\n\n\n\n<h2 class=\"wp-block-heading\">Entrance fee<\/h2>\n\n\n\n<figure class=\"wp-block-table\"><table><tbody><tr><td><\/td><td><strong>Up to 4 people<\/strong><\/td><td><strong>5 to 10 people<\/strong><\/td><td><strong>More than 10 people<\/strong><\/td><\/tr><tr><td><strong>Alpaca walk<\/strong> (per person)<\/td><td>14 euros<\/td><td>12 euros<\/td><td>10 euros<\/td><\/tr><tr><td><strong>Adult<\/strong><\/td><td>7 euros<\/td><td>6 euros<\/td><td>5 euros<\/td><\/tr><tr><td><strong>Children (from 3 years old)<\/strong><\/td><td>5 euros<\/td><td>4 euros<\/td><td>3 euros<\/td><\/tr><\/tbody><\/table><\/figure>\n\n\n\n<p><strong>! Walking an alpaca is allowed from 12 years of age !<\/strong><\/p>\n\n\n\n<h2 class=\"wp-block-heading\">Booking a visit<\/h2>\n\n\n\n<p>Booking a visit with us is <strong>mandatory<\/strong>, as we have dogs on the farm that guard the area as well as to ensure the best experience for you we can get ready for your visit in time.<br>Before booking a visit please make sure you know when you want to come and how many people are going to be with you.<\/p>\n\n\n\n<p>To book a visit please go to our <a href=\"https:\/\/rikasalpakas.lv\/en\/kontaktinformacija\/\">contacts<\/a>:<\/p>","protected":false},"excerpt":{"rendered":"<p>Ko sagaid\u012bt Ekskursija ir aptuveni stundu l\u012bdz pusotru stundu gara, atkar\u012bb\u0101 no cilv\u0113ku skaita grup\u0101, m\u0113s past\u0101stam par alpak\u0101m, iepaz\u012bstin\u0101m ar m\u016bsu dz\u012bvniekiem un par\u0101dam k\u0101 alpakas uzvedas pie pavadas &hellip; <\/p>","protected":false},"author":1,"featured_media":305,"parent":0,"menu_order":0,"comment_status":"closed","ping_status":"closed","template":"","meta":{"footnotes":""},"class_list":["post-379","page","type-page","status-publish","has-post-thumbnail","hentry"],"_links":{"self":[{"href":"https:\/\/rikasalpakas.lv\/en\/wp-json\/wp\/v2\/pages\/379","targetHints":{"allow":["GET"]}}],"collection":[{"href":"https:\/\/rikasalpakas.lv\/en\/wp-json\/wp\/v2\/pages"}],"about":[{"href":"https:\/\/rikasalpakas.lv\/en\/wp-json\/wp\/v2\/types\/page"}],"author":[{"embeddable":true,"href":"https:\/\/rikasalpakas.lv\/en\/wp-json\/wp\/v2\/users\/1"}],"replies":[{"embeddable":true,"href":"https:\/\/rikasalpakas.lv\/en\/wp-json\/wp\/v2\/comments?post=379"}],"version-history":[{"count":6,"href":"https:\/\/rikasalpakas.lv\/en\/wp-json\/wp\/v2\/pages\/379\/revisions"}],"predecessor-version":[{"id":834,"href":"https:\/\/rikasalpakas.lv\/en\/wp-json\/wp\/v2\/pages\/379\/revisions\/834"}],"wp:featuredmedia":[{"embeddable":true,"href":"https:\/\/rikasalpakas.lv\/en\/wp-json\/wp\/v2\/media\/305"}],"wp:attachment":[{"href":"https:\/\/rikasalpakas.lv\/en\/wp-json\/wp\/v2\/media?parent=379"}],"curies":[{"name":"wp","href":"https:\/\/api.w.org\/{rel}","templated":true}]}}