{"id":842,"date":"2026-04-01T11:30:55","date_gmt":"2026-04-01T08:30:55","guid":{"rendered":"https:\/\/rikasalpakas.lv\/?page_id=842"},"modified":"2026-04-12T18:21:42","modified_gmt":"2026-04-12T15:21:42","slug":"alpakas-iegadei","status":"publish","type":"page","link":"https:\/\/rikasalpakas.lv\/en\/alpakas-iegadei","title":{"rendered":"Alpacas for sale"},"content":{"rendered":"<p>If you have considered the possibility to start your own alpaca farm or you want to add to your existing alpaca herd, we can offer high quality, calm and especially fluffy animals!<\/p>\n\n\n\n<p>What we offer:<\/p>\n\n\n\n<ul class=\"wp-block-list\">\n<li>Starting a new herd - we help and give consultations to new alpaca owners, we pick out and offer the best suited alpacas for starting a new herd considering your plans and options;<\/li>\n\n\n\n<li>Breeding males - proven breeding males and new boys that will be ready to mate within a year;<\/li>\n\n\n\n<li>Girls in breeding age or already pregnant ones;<\/li>\n\n\n\n<li>Castrated boys that have been trained for walks.<\/li>\n<\/ul>\n\n\n\n<div class=\"wp-block-envira-envira-gallery\"><div id=\"envira-gallery-wrap-846\" class=\"envira-gallery-wrap envira-gallery-theme-base envira-lightbox-theme-base\" itemscope itemtype=\"https:\/\/schema.org\/ImageGallery\"><div data-row-height=\"150\" data-gallery-theme=\"normal\" id=\"envira-gallery-846\" class=\"envira-gallery-public envira-gallery-justified-public envira-gallery-0-columns envira-clear enviratope envira-gallery-css-animations\" data-envira-columns=\"0\"><div id=\"envira-gallery-item-847\" class=\"envira-gallery-item enviratope-item envira-gallery-item-1 envira-lazy-load\" style=\"padding-left: 1px; padding-bottom: 1px; padding-right: 1px;\"  itemscope itemtype=\"https:\/\/schema.org\/ImageObject\"><div class=\"envira-gallery-item-inner\"><div class=\"envira-gallery-position-overlay  envira-gallery-top-left\"><\/div><div class=\"envira-gallery-position-overlay  envira-gallery-top-right\"><\/div><div class=\"envira-gallery-position-overlay  envira-gallery-bottom-left\"><\/div><div class=\"envira-gallery-position-overlay  envira-gallery-bottom-right\"><\/div><a href=\"https:\/\/rikasalpakas.lv\/wp-content\/uploads\/2026\/03\/IMG_3591-scaled.jpg\" class=\"envira-gallery-846 envira-gallery-link\" rel=\"enviragallery846\" title=\"IMG_3591\" data-envira-caption=\"IMG_3591\" data-envira-retina=\"\" data-thumbnail=\"\"  itemprop=\"contentUrl\"><img decoding=\"async\" id=\"envira-gallery-image-847\" class=\"envira-gallery-image envira-gallery-image-1 envira-normal envira-lazy\" data-envira-index=\"1\" src=\"https:\/\/rikasalpakas.lv\/wp-content\/uploads\/2026\/03\/IMG_3591-1024x683.jpg\" data-envira-src=\"https:\/\/rikasalpakas.lv\/wp-content\/uploads\/2026\/03\/IMG_3591-1024x683.jpg\" data-envira-gallery-id=\"846\" data-envira-item-id=\"847\" data-envira-caption=\"IMG_3591\" alt=\"\" title=\"IMG_3591\"  itemprop=\"thumbnailUrl\" data-envira-srcset=\"https:\/\/rikasalpakas.lv\/wp-content\/uploads\/2026\/03\/IMG_3591-1024x683.jpg 400w,https:\/\/rikasalpakas.lv\/wp-content\/uploads\/2026\/03\/IMG_3591-1024x683.jpg 2x\" data-envira-width=\"300\" data-envira-height=\"200\" srcset=\"data:image\/gif;base64,R0lGODlhAQABAIAAAP\/\/\/\/\/\/\/yH5BAEKAAEALAAAAAABAAEAAAICTAEAOw==\" data-safe-src=\"data:image\/gif;base64,R0lGODlhAQABAIAAAP\/\/\/\/\/\/\/yH5BAEKAAEALAAAAAABAAEAAAICTAEAOw==\" \/><\/a><\/div><\/div><div id=\"envira-gallery-item-848\" class=\"envira-gallery-item enviratope-item envira-gallery-item-2 envira-lazy-load\" style=\"padding-left: 1px; padding-bottom: 1px; padding-right: 1px;\"  itemscope itemtype=\"https:\/\/schema.org\/ImageObject\"><div class=\"envira-gallery-item-inner\"><div class=\"envira-gallery-position-overlay  envira-gallery-top-left\"><\/div><div class=\"envira-gallery-position-overlay  envira-gallery-top-right\"><\/div><div class=\"envira-gallery-position-overlay  envira-gallery-bottom-left\"><\/div><div class=\"envira-gallery-position-overlay  envira-gallery-bottom-right\"><\/div><a href=\"https:\/\/rikasalpakas.lv\/wp-content\/uploads\/2026\/03\/IMG_3652-scaled.jpg\" class=\"envira-gallery-846 envira-gallery-link\" rel=\"enviragallery846\" title=\"IMG_3652\" data-envira-caption=\"IMG_3652\" data-envira-retina=\"\" data-thumbnail=\"\"  itemprop=\"contentUrl\"><img decoding=\"async\" id=\"envira-gallery-image-848\" class=\"envira-gallery-image envira-gallery-image-2 envira-normal envira-lazy\" data-envira-index=\"2\" src=\"https:\/\/rikasalpakas.lv\/wp-content\/uploads\/2026\/03\/IMG_3652-1024x683.jpg\" data-envira-src=\"https:\/\/rikasalpakas.lv\/wp-content\/uploads\/2026\/03\/IMG_3652-1024x683.jpg\" data-envira-gallery-id=\"846\" data-envira-item-id=\"848\" data-envira-caption=\"IMG_3652\" alt=\"\" title=\"IMG_3652\"  itemprop=\"thumbnailUrl\" data-envira-srcset=\"https:\/\/rikasalpakas.lv\/wp-content\/uploads\/2026\/03\/IMG_3652-1024x683.jpg 400w,https:\/\/rikasalpakas.lv\/wp-content\/uploads\/2026\/03\/IMG_3652-1024x683.jpg 2x\" data-envira-width=\"300\" data-envira-height=\"200\" srcset=\"data:image\/gif;base64,R0lGODlhAQABAIAAAP\/\/\/\/\/\/\/yH5BAEKAAEALAAAAAABAAEAAAICTAEAOw==\" data-safe-src=\"data:image\/gif;base64,R0lGODlhAQABAIAAAP\/\/\/\/\/\/\/yH5BAEKAAEALAAAAAABAAEAAAICTAEAOw==\" \/><\/a><\/div><\/div><div id=\"envira-gallery-item-849\" class=\"envira-gallery-item enviratope-item envira-gallery-item-3 envira-lazy-load\" style=\"padding-left: 1px; padding-bottom: 1px; padding-right: 1px;\"  itemscope itemtype=\"https:\/\/schema.org\/ImageObject\"><div class=\"envira-gallery-item-inner\"><div class=\"envira-gallery-position-overlay  envira-gallery-top-left\"><\/div><div class=\"envira-gallery-position-overlay  envira-gallery-top-right\"><\/div><div class=\"envira-gallery-position-overlay  envira-gallery-bottom-left\"><\/div><div class=\"envira-gallery-position-overlay  envira-gallery-bottom-right\"><\/div><a href=\"https:\/\/rikasalpakas.lv\/wp-content\/uploads\/2026\/03\/IMG_4101-scaled.jpg\" class=\"envira-gallery-846 envira-gallery-link\" rel=\"enviragallery846\" title=\"IMG_4101\" data-envira-caption=\"IMG_4101\" data-envira-retina=\"\" data-thumbnail=\"\"  itemprop=\"contentUrl\"><img decoding=\"async\" id=\"envira-gallery-image-849\" class=\"envira-gallery-image envira-gallery-image-3 envira-normal envira-lazy\" data-envira-index=\"3\" src=\"https:\/\/rikasalpakas.lv\/wp-content\/uploads\/2026\/03\/IMG_4101-1024x683.jpg\" data-envira-src=\"https:\/\/rikasalpakas.lv\/wp-content\/uploads\/2026\/03\/IMG_4101-1024x683.jpg\" data-envira-gallery-id=\"846\" data-envira-item-id=\"849\" data-envira-caption=\"IMG_4101\" alt=\"\" title=\"IMG_4101\"  itemprop=\"thumbnailUrl\" data-envira-srcset=\"https:\/\/rikasalpakas.lv\/wp-content\/uploads\/2026\/03\/IMG_4101-1024x683.jpg 400w,https:\/\/rikasalpakas.lv\/wp-content\/uploads\/2026\/03\/IMG_4101-1024x683.jpg 2x\" data-envira-width=\"300\" data-envira-height=\"200\" srcset=\"data:image\/gif;base64,R0lGODlhAQABAIAAAP\/\/\/\/\/\/\/yH5BAEKAAEALAAAAAABAAEAAAICTAEAOw==\" data-safe-src=\"data:image\/gif;base64,R0lGODlhAQABAIAAAP\/\/\/\/\/\/\/yH5BAEKAAEALAAAAAABAAEAAAICTAEAOw==\" \/><\/a><\/div><\/div><div id=\"envira-gallery-item-850\" class=\"envira-gallery-item enviratope-item envira-gallery-item-4 envira-lazy-load\" style=\"padding-left: 1px; padding-bottom: 1px; padding-right: 1px;\"  itemscope itemtype=\"https:\/\/schema.org\/ImageObject\"><div class=\"envira-gallery-item-inner\"><div class=\"envira-gallery-position-overlay  envira-gallery-top-left\"><\/div><div class=\"envira-gallery-position-overlay  envira-gallery-top-right\"><\/div><div class=\"envira-gallery-position-overlay  envira-gallery-bottom-left\"><\/div><div class=\"envira-gallery-position-overlay  envira-gallery-bottom-right\"><\/div><a href=\"https:\/\/rikasalpakas.lv\/wp-content\/uploads\/2026\/03\/IMG_1092-scaled.jpg\" class=\"envira-gallery-846 envira-gallery-link\" rel=\"enviragallery846\" title=\"IMG_1092\" data-envira-caption=\"IMG_1092\" data-envira-retina=\"\" data-thumbnail=\"\"  itemprop=\"contentUrl\"><img decoding=\"async\" id=\"envira-gallery-image-850\" class=\"envira-gallery-image envira-gallery-image-4 envira-normal envira-lazy\" data-envira-index=\"4\" src=\"https:\/\/rikasalpakas.lv\/wp-content\/uploads\/2026\/03\/IMG_1092-1024x683.jpg\" data-envira-src=\"https:\/\/rikasalpakas.lv\/wp-content\/uploads\/2026\/03\/IMG_1092-1024x683.jpg\" data-envira-gallery-id=\"846\" data-envira-item-id=\"850\" data-envira-caption=\"IMG_1092\" alt=\"\" title=\"IMG_1092\"  itemprop=\"thumbnailUrl\" data-envira-srcset=\"https:\/\/rikasalpakas.lv\/wp-content\/uploads\/2026\/03\/IMG_1092-1024x683.jpg 400w,https:\/\/rikasalpakas.lv\/wp-content\/uploads\/2026\/03\/IMG_1092-1024x683.jpg 2x\" data-envira-width=\"300\" data-envira-height=\"200\" srcset=\"data:image\/gif;base64,R0lGODlhAQABAIAAAP\/\/\/\/\/\/\/yH5BAEKAAEALAAAAAABAAEAAAICTAEAOw==\" data-safe-src=\"data:image\/gif;base64,R0lGODlhAQABAIAAAP\/\/\/\/\/\/\/yH5BAEKAAEALAAAAAABAAEAAAICTAEAOw==\" \/><\/a><\/div><\/div><div id=\"envira-gallery-item-851\" class=\"envira-gallery-item enviratope-item envira-gallery-item-5 envira-lazy-load\" style=\"padding-left: 1px; padding-bottom: 1px; padding-right: 1px;\"  itemscope itemtype=\"https:\/\/schema.org\/ImageObject\"><div class=\"envira-gallery-item-inner\"><div class=\"envira-gallery-position-overlay  envira-gallery-top-left\"><\/div><div class=\"envira-gallery-position-overlay  envira-gallery-top-right\"><\/div><div class=\"envira-gallery-position-overlay  envira-gallery-bottom-left\"><\/div><div class=\"envira-gallery-position-overlay  envira-gallery-bottom-right\"><\/div><a href=\"https:\/\/rikasalpakas.lv\/wp-content\/uploads\/2026\/03\/IMG_1149-scaled.jpg\" class=\"envira-gallery-846 envira-gallery-link\" rel=\"enviragallery846\" title=\"IMG_1149\" data-envira-caption=\"IMG_1149\" data-envira-retina=\"\" data-thumbnail=\"\"  itemprop=\"contentUrl\"><img decoding=\"async\" id=\"envira-gallery-image-851\" class=\"envira-gallery-image envira-gallery-image-5 envira-normal envira-lazy\" data-envira-index=\"5\" src=\"https:\/\/rikasalpakas.lv\/wp-content\/uploads\/2026\/03\/IMG_1149-661x1024.jpg\" data-envira-src=\"https:\/\/rikasalpakas.lv\/wp-content\/uploads\/2026\/03\/IMG_1149-661x1024.jpg\" data-envira-gallery-id=\"846\" data-envira-item-id=\"851\" data-envira-caption=\"IMG_1149\" alt=\"\" title=\"IMG_1149\"  itemprop=\"thumbnailUrl\" data-envira-srcset=\"https:\/\/rikasalpakas.lv\/wp-content\/uploads\/2026\/03\/IMG_1149-661x1024.jpg 400w,https:\/\/rikasalpakas.lv\/wp-content\/uploads\/2026\/03\/IMG_1149-661x1024.jpg 2x\" data-envira-width=\"194\" data-envira-height=\"300\" srcset=\"data:image\/gif;base64,R0lGODlhAQABAIAAAP\/\/\/\/\/\/\/yH5BAEKAAEALAAAAAABAAEAAAICTAEAOw==\" data-safe-src=\"data:image\/gif;base64,R0lGODlhAQABAIAAAP\/\/\/\/\/\/\/yH5BAEKAAEALAAAAAABAAEAAAICTAEAOw==\" \/><\/a><\/div><\/div><div id=\"envira-gallery-item-852\" class=\"envira-gallery-item enviratope-item envira-gallery-item-6 envira-lazy-load\" style=\"padding-left: 1px; padding-bottom: 1px; padding-right: 1px;\"  itemscope itemtype=\"https:\/\/schema.org\/ImageObject\"><div class=\"envira-gallery-item-inner\"><div class=\"envira-gallery-position-overlay  envira-gallery-top-left\"><\/div><div class=\"envira-gallery-position-overlay  envira-gallery-top-right\"><\/div><div class=\"envira-gallery-position-overlay  envira-gallery-bottom-left\"><\/div><div class=\"envira-gallery-position-overlay  envira-gallery-bottom-right\"><\/div><a href=\"https:\/\/rikasalpakas.lv\/wp-content\/uploads\/2026\/03\/IMG_2176-scaled.jpg\" class=\"envira-gallery-846 envira-gallery-link\" rel=\"enviragallery846\" title=\"IMG_2176\" data-envira-caption=\"IMG_2176\" data-envira-retina=\"\" data-thumbnail=\"\"  itemprop=\"contentUrl\"><img decoding=\"async\" id=\"envira-gallery-image-852\" class=\"envira-gallery-image envira-gallery-image-6 envira-normal envira-lazy\" data-envira-index=\"6\" src=\"https:\/\/rikasalpakas.lv\/wp-content\/uploads\/2026\/03\/IMG_2176-683x1024.jpg\" data-envira-src=\"https:\/\/rikasalpakas.lv\/wp-content\/uploads\/2026\/03\/IMG_2176-683x1024.jpg\" data-envira-gallery-id=\"846\" data-envira-item-id=\"852\" data-envira-caption=\"IMG_2176\" alt=\"\" title=\"IMG_2176\"  itemprop=\"thumbnailUrl\" data-envira-srcset=\"https:\/\/rikasalpakas.lv\/wp-content\/uploads\/2026\/03\/IMG_2176-683x1024.jpg 400w,https:\/\/rikasalpakas.lv\/wp-content\/uploads\/2026\/03\/IMG_2176-683x1024.jpg 2x\" data-envira-width=\"200\" data-envira-height=\"300\" srcset=\"data:image\/gif;base64,R0lGODlhAQABAIAAAP\/\/\/\/\/\/\/yH5BAEKAAEALAAAAAABAAEAAAICTAEAOw==\" data-safe-src=\"data:image\/gif;base64,R0lGODlhAQABAIAAAP\/\/\/\/\/\/\/yH5BAEKAAEALAAAAAABAAEAAAICTAEAOw==\" \/><\/a><\/div><\/div><\/div><\/div><noscript><img decoding=\"async\" src=\"https:\/\/rikasalpakas.lv\/wp-content\/uploads\/2026\/03\/IMG_3591-scaled.jpg\" alt=\"\" \/><img decoding=\"async\" src=\"https:\/\/rikasalpakas.lv\/wp-content\/uploads\/2026\/03\/IMG_3652-scaled.jpg\" alt=\"\" \/><img decoding=\"async\" src=\"https:\/\/rikasalpakas.lv\/wp-content\/uploads\/2026\/03\/IMG_4101-scaled.jpg\" alt=\"\" \/><img decoding=\"async\" src=\"https:\/\/rikasalpakas.lv\/wp-content\/uploads\/2026\/03\/IMG_1092-scaled.jpg\" alt=\"\" \/><img decoding=\"async\" src=\"https:\/\/rikasalpakas.lv\/wp-content\/uploads\/2026\/03\/IMG_1149-scaled.jpg\" alt=\"\" \/><img decoding=\"async\" src=\"https:\/\/rikasalpakas.lv\/wp-content\/uploads\/2026\/03\/IMG_2176-scaled.jpg\" alt=\"\" \/><\/noscript><\/div>","protected":false},"excerpt":{"rendered":"<p>Ja esi apsv\u0113ris iesp\u0113ju uzs\u0101kt alpaku audz\u0113\u0161anu vai v\u0113lies papildin\u0101t savu eso\u0161o baru ar kvalitat\u012bviem, mier\u012bgiem un \u012bpa\u0161i p\u016bkainiem dz\u012bvniekiem, m\u0113s varam Tev pal\u012bdz\u0113t! Ko m\u0113s pied\u0101v\u0101jam:<\/p>","protected":false},"author":1,"featured_media":844,"parent":0,"menu_order":0,"comment_status":"closed","ping_status":"closed","template":"","meta":{"footnotes":""},"class_list":["post-842","page","type-page","status-publish","has-post-thumbnail","hentry"],"_links":{"self":[{"href":"https:\/\/rikasalpakas.lv\/en\/wp-json\/wp\/v2\/pages\/842","targetHints":{"allow":["GET"]}}],"collection":[{"href":"https:\/\/rikasalpakas.lv\/en\/wp-json\/wp\/v2\/pages"}],"about":[{"href":"https:\/\/rikasalpakas.lv\/en\/wp-json\/wp\/v2\/types\/page"}],"author":[{"embeddable":true,"href":"https:\/\/rikasalpakas.lv\/en\/wp-json\/wp\/v2\/users\/1"}],"replies":[{"embeddable":true,"href":"https:\/\/rikasalpakas.lv\/en\/wp-json\/wp\/v2\/comments?post=842"}],"version-history":[{"count":4,"href":"https:\/\/rikasalpakas.lv\/en\/wp-json\/wp\/v2\/pages\/842\/revisions"}],"predecessor-version":[{"id":870,"href":"https:\/\/rikasalpakas.lv\/en\/wp-json\/wp\/v2\/pages\/842\/revisions\/870"}],"wp:featuredmedia":[{"embeddable":true,"href":"https:\/\/rikasalpakas.lv\/en\/wp-json\/wp\/v2\/media\/844"}],"wp:attachment":[{"href":"https:\/\/rikasalpakas.lv\/en\/wp-json\/wp\/v2\/media?parent=842"}],"curies":[{"name":"wp","href":"https:\/\/api.w.org\/{rel}","templated":true}]}}