{"id":873,"date":"2026-04-22T19:37:46","date_gmt":"2026-04-22T16:37:46","guid":{"rendered":"https:\/\/rikasalpakas.lv\/?page_id=873"},"modified":"2026-04-23T09:15:24","modified_gmt":"2026-04-23T06:15:24","slug":"dzija","status":"publish","type":"page","link":"https:\/\/rikasalpakas.lv\/en\/dzija","title":{"rendered":"Yarn"},"content":{"rendered":"<p><strong>Natural alpaca yarn in different shades<\/strong><\/p>\n\n\n\n<p><br>Variety of shades is thanks to our alpaca colours being so different an unique, none of the yarn shades are artificially coloured, just washed and made into a soft yarn ball.<\/p>\n\n\n\n<div class=\"wp-block-envira-envira-gallery\"><div id=\"envira-gallery-wrap-923\" class=\"envira-gallery-wrap envira-gallery-theme-base envira-lightbox-theme-base\" itemscope itemtype=\"https:\/\/schema.org\/ImageGallery\"><div data-row-height=\"150\" data-gallery-theme=\"normal\" id=\"envira-gallery-923\" class=\"envira-gallery-public envira-gallery-justified-public envira-gallery-0-columns envira-clear enviratope envira-gallery-css-animations\" data-envira-columns=\"0\"><div id=\"envira-gallery-item-924\" class=\"envira-gallery-item enviratope-item envira-gallery-item-1 envira-lazy-load\" style=\"padding-left: 1px; padding-bottom: 1px; padding-right: 1px;\"  itemscope itemtype=\"https:\/\/schema.org\/ImageObject\"><div class=\"envira-gallery-item-inner\"><div class=\"envira-gallery-position-overlay  envira-gallery-top-left\"><\/div><div class=\"envira-gallery-position-overlay  envira-gallery-top-right\"><\/div><div class=\"envira-gallery-position-overlay  envira-gallery-bottom-left\"><\/div><div class=\"envira-gallery-position-overlay  envira-gallery-bottom-right\"><\/div><a href=\"https:\/\/rikasalpakas.lv\/wp-content\/uploads\/2026\/04\/IMG_4682_edited-2-scaled.jpg\" class=\"envira-gallery-923 envira-gallery-link\" rel=\"enviragallery923\" title=\"IMG_4682_edited\" data-envira-caption=\"IMG_4682_edited\" data-envira-retina=\"\" data-thumbnail=\"\"  itemprop=\"contentUrl\"><img decoding=\"async\" id=\"envira-gallery-image-924\" class=\"envira-gallery-image envira-gallery-image-1 envira-normal envira-lazy\" data-envira-index=\"1\" src=\"https:\/\/rikasalpakas.lv\/wp-content\/uploads\/2026\/04\/IMG_4682_edited-2-1024x683.jpg\" data-envira-src=\"https:\/\/rikasalpakas.lv\/wp-content\/uploads\/2026\/04\/IMG_4682_edited-2-1024x683.jpg\" data-envira-gallery-id=\"923\" data-envira-item-id=\"924\" data-envira-caption=\"IMG_4682_edited\" alt=\"\" title=\"IMG_4682_edited\"  itemprop=\"thumbnailUrl\" data-envira-srcset=\"https:\/\/rikasalpakas.lv\/wp-content\/uploads\/2026\/04\/IMG_4682_edited-2-1024x683.jpg 400w,https:\/\/rikasalpakas.lv\/wp-content\/uploads\/2026\/04\/IMG_4682_edited-2-1024x683.jpg 2x\" data-envira-width=\"300\" data-envira-height=\"200\" srcset=\"data:image\/gif;base64,R0lGODlhAQABAIAAAP\/\/\/\/\/\/\/yH5BAEKAAEALAAAAAABAAEAAAICTAEAOw==\" data-safe-src=\"data:image\/gif;base64,R0lGODlhAQABAIAAAP\/\/\/\/\/\/\/yH5BAEKAAEALAAAAAABAAEAAAICTAEAOw==\" \/><\/a><\/div><\/div><div id=\"envira-gallery-item-925\" class=\"envira-gallery-item enviratope-item envira-gallery-item-2 envira-lazy-load\" style=\"padding-left: 1px; padding-bottom: 1px; padding-right: 1px;\"  itemscope itemtype=\"https:\/\/schema.org\/ImageObject\"><div class=\"envira-gallery-item-inner\"><div class=\"envira-gallery-position-overlay  envira-gallery-top-left\"><\/div><div class=\"envira-gallery-position-overlay  envira-gallery-top-right\"><\/div><div class=\"envira-gallery-position-overlay  envira-gallery-bottom-left\"><\/div><div class=\"envira-gallery-position-overlay  envira-gallery-bottom-right\"><\/div><a href=\"https:\/\/rikasalpakas.lv\/wp-content\/uploads\/2026\/04\/IMG_4701_edited-scaled.jpg\" class=\"envira-gallery-923 envira-gallery-link\" rel=\"enviragallery923\" title=\"IMG_4701_edited\" data-envira-caption=\"IMG_4701_edited\" data-envira-retina=\"\" data-thumbnail=\"\"  itemprop=\"contentUrl\"><img decoding=\"async\" id=\"envira-gallery-image-925\" class=\"envira-gallery-image envira-gallery-image-2 envira-normal envira-lazy\" data-envira-index=\"2\" src=\"https:\/\/rikasalpakas.lv\/wp-content\/uploads\/2026\/04\/IMG_4701_edited-1024x683.jpg\" data-envira-src=\"https:\/\/rikasalpakas.lv\/wp-content\/uploads\/2026\/04\/IMG_4701_edited-1024x683.jpg\" data-envira-gallery-id=\"923\" data-envira-item-id=\"925\" data-envira-caption=\"IMG_4701_edited\" alt=\"\" title=\"IMG_4701_edited\"  itemprop=\"thumbnailUrl\" data-envira-srcset=\"https:\/\/rikasalpakas.lv\/wp-content\/uploads\/2026\/04\/IMG_4701_edited-1024x683.jpg 400w,https:\/\/rikasalpakas.lv\/wp-content\/uploads\/2026\/04\/IMG_4701_edited-1024x683.jpg 2x\" data-envira-width=\"300\" data-envira-height=\"200\" srcset=\"data:image\/gif;base64,R0lGODlhAQABAIAAAP\/\/\/\/\/\/\/yH5BAEKAAEALAAAAAABAAEAAAICTAEAOw==\" data-safe-src=\"data:image\/gif;base64,R0lGODlhAQABAIAAAP\/\/\/\/\/\/\/yH5BAEKAAEALAAAAAABAAEAAAICTAEAOw==\" \/><\/a><\/div><\/div><div id=\"envira-gallery-item-926\" class=\"envira-gallery-item enviratope-item envira-gallery-item-3 envira-lazy-load\" style=\"padding-left: 1px; padding-bottom: 1px; padding-right: 1px;\"  itemscope itemtype=\"https:\/\/schema.org\/ImageObject\"><div class=\"envira-gallery-item-inner\"><div class=\"envira-gallery-position-overlay  envira-gallery-top-left\"><\/div><div class=\"envira-gallery-position-overlay  envira-gallery-top-right\"><\/div><div class=\"envira-gallery-position-overlay  envira-gallery-bottom-left\"><\/div><div class=\"envira-gallery-position-overlay  envira-gallery-bottom-right\"><\/div><a href=\"https:\/\/rikasalpakas.lv\/wp-content\/uploads\/2026\/04\/IMG_4694_edited-scaled.jpg\" class=\"envira-gallery-923 envira-gallery-link\" rel=\"enviragallery923\" title=\"IMG_4694_edited\" data-envira-caption=\"IMG_4694_edited\" data-envira-retina=\"\" data-thumbnail=\"\"  itemprop=\"contentUrl\"><img decoding=\"async\" id=\"envira-gallery-image-926\" class=\"envira-gallery-image envira-gallery-image-3 envira-normal envira-lazy\" data-envira-index=\"3\" src=\"https:\/\/rikasalpakas.lv\/wp-content\/uploads\/2026\/04\/IMG_4694_edited-1024x683.jpg\" data-envira-src=\"https:\/\/rikasalpakas.lv\/wp-content\/uploads\/2026\/04\/IMG_4694_edited-1024x683.jpg\" data-envira-gallery-id=\"923\" data-envira-item-id=\"926\" data-envira-caption=\"IMG_4694_edited\" alt=\"\" title=\"IMG_4694_edited\"  itemprop=\"thumbnailUrl\" data-envira-srcset=\"https:\/\/rikasalpakas.lv\/wp-content\/uploads\/2026\/04\/IMG_4694_edited-1024x683.jpg 400w,https:\/\/rikasalpakas.lv\/wp-content\/uploads\/2026\/04\/IMG_4694_edited-1024x683.jpg 2x\" data-envira-width=\"300\" data-envira-height=\"200\" srcset=\"data:image\/gif;base64,R0lGODlhAQABAIAAAP\/\/\/\/\/\/\/yH5BAEKAAEALAAAAAABAAEAAAICTAEAOw==\" data-safe-src=\"data:image\/gif;base64,R0lGODlhAQABAIAAAP\/\/\/\/\/\/\/yH5BAEKAAEALAAAAAABAAEAAAICTAEAOw==\" \/><\/a><\/div><\/div><div id=\"envira-gallery-item-927\" class=\"envira-gallery-item enviratope-item envira-gallery-item-4 envira-lazy-load\" style=\"padding-left: 1px; padding-bottom: 1px; padding-right: 1px;\"  itemscope itemtype=\"https:\/\/schema.org\/ImageObject\"><div class=\"envira-gallery-item-inner\"><div class=\"envira-gallery-position-overlay  envira-gallery-top-left\"><\/div><div class=\"envira-gallery-position-overlay  envira-gallery-top-right\"><\/div><div class=\"envira-gallery-position-overlay  envira-gallery-bottom-left\"><\/div><div class=\"envira-gallery-position-overlay  envira-gallery-bottom-right\"><\/div><a href=\"https:\/\/rikasalpakas.lv\/wp-content\/uploads\/2026\/04\/IMG_4688_edited-scaled.jpg\" class=\"envira-gallery-923 envira-gallery-link\" rel=\"enviragallery923\" title=\"IMG_4688_edited\" data-envira-caption=\"IMG_4688_edited\" data-envira-retina=\"\" data-thumbnail=\"\"  itemprop=\"contentUrl\"><img decoding=\"async\" id=\"envira-gallery-image-927\" class=\"envira-gallery-image envira-gallery-image-4 envira-normal envira-lazy\" data-envira-index=\"4\" src=\"https:\/\/rikasalpakas.lv\/wp-content\/uploads\/2026\/04\/IMG_4688_edited-1024x683.jpg\" data-envira-src=\"https:\/\/rikasalpakas.lv\/wp-content\/uploads\/2026\/04\/IMG_4688_edited-1024x683.jpg\" data-envira-gallery-id=\"923\" data-envira-item-id=\"927\" data-envira-caption=\"IMG_4688_edited\" alt=\"\" title=\"IMG_4688_edited\"  itemprop=\"thumbnailUrl\" data-envira-srcset=\"https:\/\/rikasalpakas.lv\/wp-content\/uploads\/2026\/04\/IMG_4688_edited-1024x683.jpg 400w,https:\/\/rikasalpakas.lv\/wp-content\/uploads\/2026\/04\/IMG_4688_edited-1024x683.jpg 2x\" data-envira-width=\"300\" data-envira-height=\"200\" srcset=\"data:image\/gif;base64,R0lGODlhAQABAIAAAP\/\/\/\/\/\/\/yH5BAEKAAEALAAAAAABAAEAAAICTAEAOw==\" data-safe-src=\"data:image\/gif;base64,R0lGODlhAQABAIAAAP\/\/\/\/\/\/\/yH5BAEKAAEALAAAAAABAAEAAAICTAEAOw==\" \/><\/a><\/div><\/div><div id=\"envira-gallery-item-928\" class=\"envira-gallery-item enviratope-item envira-gallery-item-5 envira-lazy-load\" style=\"padding-left: 1px; padding-bottom: 1px; padding-right: 1px;\"  itemscope itemtype=\"https:\/\/schema.org\/ImageObject\"><div class=\"envira-gallery-item-inner\"><div class=\"envira-gallery-position-overlay  envira-gallery-top-left\"><\/div><div class=\"envira-gallery-position-overlay  envira-gallery-top-right\"><\/div><div class=\"envira-gallery-position-overlay  envira-gallery-bottom-left\"><\/div><div class=\"envira-gallery-position-overlay  envira-gallery-bottom-right\"><\/div><a href=\"https:\/\/rikasalpakas.lv\/wp-content\/uploads\/2026\/04\/IMG_4705_edited-scaled.jpg\" class=\"envira-gallery-923 envira-gallery-link\" rel=\"enviragallery923\" title=\"IMG_4705_edited\" data-envira-caption=\"IMG_4705_edited\" data-envira-retina=\"\" data-thumbnail=\"\"  itemprop=\"contentUrl\"><img decoding=\"async\" id=\"envira-gallery-image-928\" class=\"envira-gallery-image envira-gallery-image-5 envira-normal envira-lazy\" data-envira-index=\"5\" src=\"https:\/\/rikasalpakas.lv\/wp-content\/uploads\/2026\/04\/IMG_4705_edited-1024x683.jpg\" data-envira-src=\"https:\/\/rikasalpakas.lv\/wp-content\/uploads\/2026\/04\/IMG_4705_edited-1024x683.jpg\" data-envira-gallery-id=\"923\" data-envira-item-id=\"928\" data-envira-caption=\"IMG_4705_edited\" alt=\"\" title=\"IMG_4705_edited\"  itemprop=\"thumbnailUrl\" data-envira-srcset=\"https:\/\/rikasalpakas.lv\/wp-content\/uploads\/2026\/04\/IMG_4705_edited-1024x683.jpg 400w,https:\/\/rikasalpakas.lv\/wp-content\/uploads\/2026\/04\/IMG_4705_edited-1024x683.jpg 2x\" data-envira-width=\"300\" data-envira-height=\"200\" srcset=\"data:image\/gif;base64,R0lGODlhAQABAIAAAP\/\/\/\/\/\/\/yH5BAEKAAEALAAAAAABAAEAAAICTAEAOw==\" data-safe-src=\"data:image\/gif;base64,R0lGODlhAQABAIAAAP\/\/\/\/\/\/\/yH5BAEKAAEALAAAAAABAAEAAAICTAEAOw==\" \/><\/a><\/div><\/div><\/div><\/div><noscript><img decoding=\"async\" src=\"https:\/\/rikasalpakas.lv\/wp-content\/uploads\/2026\/04\/IMG_4682_edited-2-scaled.jpg\" alt=\"\" \/><img decoding=\"async\" src=\"https:\/\/rikasalpakas.lv\/wp-content\/uploads\/2026\/04\/IMG_4701_edited-scaled.jpg\" alt=\"\" \/><img decoding=\"async\" src=\"https:\/\/rikasalpakas.lv\/wp-content\/uploads\/2026\/04\/IMG_4694_edited-scaled.jpg\" alt=\"\" \/><img decoding=\"async\" src=\"https:\/\/rikasalpakas.lv\/wp-content\/uploads\/2026\/04\/IMG_4688_edited-scaled.jpg\" alt=\"\" \/><img decoding=\"async\" src=\"https:\/\/rikasalpakas.lv\/wp-content\/uploads\/2026\/04\/IMG_4705_edited-scaled.jpg\" alt=\"\" \/><\/noscript><\/div>","protected":false},"excerpt":{"rendered":"<p>Dab\u012bga alpaku vilnas dzija da\u017e\u0101dos to\u0146os. To\u0146u da\u017e\u0101d\u012bba ir pateicoties m\u016bsu alpaku vilnas kr\u0101sas daudzveid\u012bbai, neviens no dzijas to\u0146iem nav kr\u0101sots, tikai izmazg\u0101ts un sat\u012bts m\u012bkst\u0101 kamoli\u0146\u0101.<\/p>","protected":false},"author":1,"featured_media":886,"parent":0,"menu_order":0,"comment_status":"closed","ping_status":"closed","template":"","meta":{"footnotes":""},"class_list":["post-873","page","type-page","status-publish","has-post-thumbnail","hentry"],"_links":{"self":[{"href":"https:\/\/rikasalpakas.lv\/en\/wp-json\/wp\/v2\/pages\/873","targetHints":{"allow":["GET"]}}],"collection":[{"href":"https:\/\/rikasalpakas.lv\/en\/wp-json\/wp\/v2\/pages"}],"about":[{"href":"https:\/\/rikasalpakas.lv\/en\/wp-json\/wp\/v2\/types\/page"}],"author":[{"embeddable":true,"href":"https:\/\/rikasalpakas.lv\/en\/wp-json\/wp\/v2\/users\/1"}],"replies":[{"embeddable":true,"href":"https:\/\/rikasalpakas.lv\/en\/wp-json\/wp\/v2\/comments?post=873"}],"version-history":[{"count":2,"href":"https:\/\/rikasalpakas.lv\/en\/wp-json\/wp\/v2\/pages\/873\/revisions"}],"predecessor-version":[{"id":960,"href":"https:\/\/rikasalpakas.lv\/en\/wp-json\/wp\/v2\/pages\/873\/revisions\/960"}],"wp:featuredmedia":[{"embeddable":true,"href":"https:\/\/rikasalpakas.lv\/en\/wp-json\/wp\/v2\/media\/886"}],"wp:attachment":[{"href":"https:\/\/rikasalpakas.lv\/en\/wp-json\/wp\/v2\/media?parent=873"}],"curies":[{"name":"wp","href":"https:\/\/api.w.org\/{rel}","templated":true}]}}