{"id":877,"date":"2026-04-22T19:39:29","date_gmt":"2026-04-22T16:39:29","guid":{"rendered":"https:\/\/rikasalpakas.lv\/?page_id=877"},"modified":"2026-04-23T09:16:57","modified_gmt":"2026-04-23T06:16:57","slug":"segas","status":"publish","type":"page","link":"https:\/\/rikasalpakas.lv\/en\/segas","title":{"rendered":"Blankets"},"content":{"rendered":"<p><strong>Blankets with alpaca fleece filling.<\/strong><\/p>\n\n\n\n<p>Blankets are filled with alpaca fleece and covered with 100% cotton sheet. There are two types of thicknesses available in different sizes.<\/p>\n\n\n\n<div class=\"wp-block-envira-envira-gallery\"><div id=\"envira-gallery-wrap-952\" class=\"envira-gallery-wrap envira-gallery-theme-base envira-lightbox-theme-base\" itemscope itemtype=\"https:\/\/schema.org\/ImageGallery\"><div data-row-height=\"150\" data-gallery-theme=\"normal\" id=\"envira-gallery-952\" class=\"envira-gallery-public envira-gallery-justified-public envira-gallery-0-columns envira-clear enviratope envira-gallery-css-animations\" data-envira-columns=\"0\"><div id=\"envira-gallery-item-953\" class=\"envira-gallery-item enviratope-item envira-gallery-item-1 envira-lazy-load\" style=\"padding-left: 1px; padding-bottom: 1px; padding-right: 1px;\"  itemscope itemtype=\"https:\/\/schema.org\/ImageObject\"><div class=\"envira-gallery-item-inner\"><div class=\"envira-gallery-position-overlay  envira-gallery-top-left\"><\/div><div class=\"envira-gallery-position-overlay  envira-gallery-top-right\"><\/div><div class=\"envira-gallery-position-overlay  envira-gallery-bottom-left\"><\/div><div class=\"envira-gallery-position-overlay  envira-gallery-bottom-right\"><\/div><a href=\"https:\/\/rikasalpakas.lv\/wp-content\/uploads\/2026\/04\/IMG_3909-scaled.jpeg\" class=\"envira-gallery-952 envira-gallery-link\" rel=\"enviragallery952\" title=\"IMG_3909\" data-envira-caption=\"IMG_3909\" data-envira-retina=\"\" data-thumbnail=\"\"  itemprop=\"contentUrl\"><img decoding=\"async\" id=\"envira-gallery-image-953\" class=\"envira-gallery-image envira-gallery-image-1 envira-normal envira-lazy\" data-envira-index=\"1\" src=\"https:\/\/rikasalpakas.lv\/wp-content\/uploads\/2026\/04\/IMG_3909-1024x768.jpeg\" data-envira-src=\"https:\/\/rikasalpakas.lv\/wp-content\/uploads\/2026\/04\/IMG_3909-1024x768.jpeg\" data-envira-gallery-id=\"952\" data-envira-item-id=\"953\" data-envira-caption=\"IMG_3909\" alt=\"\" title=\"IMG_3909\"  itemprop=\"thumbnailUrl\" data-envira-srcset=\"https:\/\/rikasalpakas.lv\/wp-content\/uploads\/2026\/04\/IMG_3909-1024x768.jpeg 400w,https:\/\/rikasalpakas.lv\/wp-content\/uploads\/2026\/04\/IMG_3909-1024x768.jpeg 2x\" data-envira-width=\"300\" data-envira-height=\"225\" srcset=\"data:image\/gif;base64,R0lGODlhAQABAIAAAP\/\/\/\/\/\/\/yH5BAEKAAEALAAAAAABAAEAAAICTAEAOw==\" data-safe-src=\"data:image\/gif;base64,R0lGODlhAQABAIAAAP\/\/\/\/\/\/\/yH5BAEKAAEALAAAAAABAAEAAAICTAEAOw==\" \/><\/a><\/div><\/div><div id=\"envira-gallery-item-954\" class=\"envira-gallery-item enviratope-item envira-gallery-item-2 envira-lazy-load\" style=\"padding-left: 1px; padding-bottom: 1px; padding-right: 1px;\"  itemscope itemtype=\"https:\/\/schema.org\/ImageObject\"><div class=\"envira-gallery-item-inner\"><div class=\"envira-gallery-position-overlay  envira-gallery-top-left\"><\/div><div class=\"envira-gallery-position-overlay  envira-gallery-top-right\"><\/div><div class=\"envira-gallery-position-overlay  envira-gallery-bottom-left\"><\/div><div class=\"envira-gallery-position-overlay  envira-gallery-bottom-right\"><\/div><a href=\"https:\/\/rikasalpakas.lv\/wp-content\/uploads\/2026\/04\/IMG_3911-2-scaled.jpeg\" class=\"envira-gallery-952 envira-gallery-link\" rel=\"enviragallery952\" title=\"IMG_3911\" data-envira-caption=\"IMG_3911\" data-envira-retina=\"\" data-thumbnail=\"\"  itemprop=\"contentUrl\"><img decoding=\"async\" id=\"envira-gallery-image-954\" class=\"envira-gallery-image envira-gallery-image-2 envira-normal envira-lazy\" data-envira-index=\"2\" src=\"https:\/\/rikasalpakas.lv\/wp-content\/uploads\/2026\/04\/IMG_3911-2-1024x768.jpeg\" data-envira-src=\"https:\/\/rikasalpakas.lv\/wp-content\/uploads\/2026\/04\/IMG_3911-2-1024x768.jpeg\" data-envira-gallery-id=\"952\" data-envira-item-id=\"954\" data-envira-caption=\"IMG_3911\" alt=\"\" title=\"IMG_3911\"  itemprop=\"thumbnailUrl\" data-envira-srcset=\"https:\/\/rikasalpakas.lv\/wp-content\/uploads\/2026\/04\/IMG_3911-2-1024x768.jpeg 400w,https:\/\/rikasalpakas.lv\/wp-content\/uploads\/2026\/04\/IMG_3911-2-1024x768.jpeg 2x\" data-envira-width=\"300\" data-envira-height=\"225\" srcset=\"data:image\/gif;base64,R0lGODlhAQABAIAAAP\/\/\/\/\/\/\/yH5BAEKAAEALAAAAAABAAEAAAICTAEAOw==\" data-safe-src=\"data:image\/gif;base64,R0lGODlhAQABAIAAAP\/\/\/\/\/\/\/yH5BAEKAAEALAAAAAABAAEAAAICTAEAOw==\" \/><\/a><\/div><\/div><div id=\"envira-gallery-item-955\" class=\"envira-gallery-item enviratope-item envira-gallery-item-3 envira-lazy-load\" style=\"padding-left: 1px; padding-bottom: 1px; padding-right: 1px;\"  itemscope itemtype=\"https:\/\/schema.org\/ImageObject\"><div class=\"envira-gallery-item-inner\"><div class=\"envira-gallery-position-overlay  envira-gallery-top-left\"><\/div><div class=\"envira-gallery-position-overlay  envira-gallery-top-right\"><\/div><div class=\"envira-gallery-position-overlay  envira-gallery-bottom-left\"><\/div><div class=\"envira-gallery-position-overlay  envira-gallery-bottom-right\"><\/div><a href=\"https:\/\/rikasalpakas.lv\/wp-content\/uploads\/2026\/04\/IMG_0626-scaled.jpg\" class=\"envira-gallery-952 envira-gallery-link\" rel=\"enviragallery952\" title=\"IMG_0626\" data-envira-caption=\"IMG_0626\" data-envira-retina=\"\" data-thumbnail=\"\"  itemprop=\"contentUrl\"><img decoding=\"async\" id=\"envira-gallery-image-955\" class=\"envira-gallery-image envira-gallery-image-3 envira-normal envira-lazy\" data-envira-index=\"3\" src=\"https:\/\/rikasalpakas.lv\/wp-content\/uploads\/2026\/04\/IMG_0626-1024x683.jpg\" data-envira-src=\"https:\/\/rikasalpakas.lv\/wp-content\/uploads\/2026\/04\/IMG_0626-1024x683.jpg\" data-envira-gallery-id=\"952\" data-envira-item-id=\"955\" data-envira-caption=\"IMG_0626\" alt=\"\" title=\"IMG_0626\"  itemprop=\"thumbnailUrl\" data-envira-srcset=\"https:\/\/rikasalpakas.lv\/wp-content\/uploads\/2026\/04\/IMG_0626-1024x683.jpg 400w,https:\/\/rikasalpakas.lv\/wp-content\/uploads\/2026\/04\/IMG_0626-1024x683.jpg 2x\" data-envira-width=\"300\" data-envira-height=\"200\" srcset=\"data:image\/gif;base64,R0lGODlhAQABAIAAAP\/\/\/\/\/\/\/yH5BAEKAAEALAAAAAABAAEAAAICTAEAOw==\" data-safe-src=\"data:image\/gif;base64,R0lGODlhAQABAIAAAP\/\/\/\/\/\/\/yH5BAEKAAEALAAAAAABAAEAAAICTAEAOw==\" \/><\/a><\/div><\/div><\/div><\/div><noscript><img decoding=\"async\" src=\"https:\/\/rikasalpakas.lv\/wp-content\/uploads\/2026\/04\/IMG_3909-scaled.jpeg\" alt=\"\" \/><img decoding=\"async\" src=\"https:\/\/rikasalpakas.lv\/wp-content\/uploads\/2026\/04\/IMG_3911-2-scaled.jpeg\" alt=\"\" \/><img decoding=\"async\" src=\"https:\/\/rikasalpakas.lv\/wp-content\/uploads\/2026\/04\/IMG_0626-scaled.jpg\" alt=\"\" \/><\/noscript><\/div>\n\n\n\n<p><strong>Baby blanket:<\/strong><\/p>\n\n\n\n<p>100 x 140 cm 250 g\/m<sup>2<\/sup>&nbsp; \u2013 95,- eur<\/p>\n\n\n\n<p><strong>Single blanket:<\/strong><\/p>\n\n\n\n<p>140 x 200 cm 250 g\/m<sup>2<\/sup> \u2013 170,- eur<\/p>\n\n\n\n<p>140 x 200 cm 400 g\/m<sup>2<\/sup> \u2013 210,- eur<\/p>\n\n\n\n<p><strong>Double blanket:<\/strong><\/p>\n\n\n\n<p>200 x 200 cm 250 g\/m<sup>2<\/sup> \u2013 225,- eur<\/p>\n\n\n\n<p>200 x 200 cm 400 g\/m<sup>2<\/sup> \u2013 270,- eur<\/p>\n\n\n\n<p>200 x 220 cm 250 g\/m2 \u2013 250,- eur<\/p>\n\n\n\n<p>200 x 220 cm 400 g\/m2 \u2013 300,- eur<\/p>","protected":false},"excerpt":{"rendered":"<p>Segas ar alpaku vilnas pild\u012bjumu. Seg\u0101s alpaku vilnas pild\u012bjums un apk\u0101rt ir 100% kokvilnas audums. Ir pieejami vair\u0101ki izm\u0113ri divos biezumos. Mazu\u013cu sega: 100 x 140 cm 250 g\/m2&nbsp; \u2013 &hellip; <\/p>","protected":false},"author":1,"featured_media":887,"parent":0,"menu_order":0,"comment_status":"closed","ping_status":"closed","template":"","meta":{"footnotes":""},"class_list":["post-877","page","type-page","status-publish","has-post-thumbnail","hentry"],"_links":{"self":[{"href":"https:\/\/rikasalpakas.lv\/en\/wp-json\/wp\/v2\/pages\/877","targetHints":{"allow":["GET"]}}],"collection":[{"href":"https:\/\/rikasalpakas.lv\/en\/wp-json\/wp\/v2\/pages"}],"about":[{"href":"https:\/\/rikasalpakas.lv\/en\/wp-json\/wp\/v2\/types\/page"}],"author":[{"embeddable":true,"href":"https:\/\/rikasalpakas.lv\/en\/wp-json\/wp\/v2\/users\/1"}],"replies":[{"embeddable":true,"href":"https:\/\/rikasalpakas.lv\/en\/wp-json\/wp\/v2\/comments?post=877"}],"version-history":[{"count":2,"href":"https:\/\/rikasalpakas.lv\/en\/wp-json\/wp\/v2\/pages\/877\/revisions"}],"predecessor-version":[{"id":962,"href":"https:\/\/rikasalpakas.lv\/en\/wp-json\/wp\/v2\/pages\/877\/revisions\/962"}],"wp:featuredmedia":[{"embeddable":true,"href":"https:\/\/rikasalpakas.lv\/en\/wp-json\/wp\/v2\/media\/887"}],"wp:attachment":[{"href":"https:\/\/rikasalpakas.lv\/en\/wp-json\/wp\/v2\/media?parent=877"}],"curies":[{"name":"wp","href":"https:\/\/api.w.org\/{rel}","templated":true}]}}